{"id":5073,"date":"2024-12-03T11:48:19","date_gmt":"2024-12-03T11:48:19","guid":{"rendered":"https:\/\/www.miirohotels.com\/?page_id=5073"},"modified":"2026-02-25T18:06:03","modified_gmt":"2026-02-25T18:06:03","slug":"rooftop","status":"publish","type":"page","link":"https:\/\/www.miirohotels.com\/fr\/the-mansard\/restaurant-et-bar\/rooftop","title":{"rendered":"Gstaad &#8211; The Mansard Rooftop Bar"},"content":{"rendered":"","protected":false},"excerpt":{"rendered":"","protected":false},"author":5,"featured_media":0,"parent":5107,"menu_order":0,"comment_status":"closed","ping_status":"closed","template":"","meta":{"_acf_changed":false,"footnotes":""},"tags":[53],"class_list":["post-5073","page","type-page","status-publish","hentry","tag-gstaad-fr"],"acf":{"blocks":[{"acf_fc_layout":"image","statusRegion":true,"images":[{"status":true,"image":{"ID":31468,"id":31468,"title":"b4f521b7-0f52-430e-acf9-b401b4ccdf85","filename":"b4f521b7-0f52-430e-acf9-b401b4ccdf85-1.jpg","filesize":3943966,"url":"https:\/\/www.miirohotels.com\/wp-content\/uploads\/2026\/03\/b4f521b7-0f52-430e-acf9-b401b4ccdf85-1.jpg","link":"https:\/\/www.miirohotels.com\/fr\/the-mansard\/restaurant-et-bar\/restaurant\/b4f521b7-0f52-430e-acf9-b401b4ccdf85-4-2","alt":"","author":"15","description":"","caption":"","name":"b4f521b7-0f52-430e-acf9-b401b4ccdf85-4-2","status":"inherit","uploaded_to":5070,"date":"2026-03-29 14:20:32","modified":"2026-03-29 14:20:32","menu_order":0,"mime_type":"image\/jpeg","type":"image","subtype":"jpeg","icon":"https:\/\/www.miirohotels.com\/wp-includes\/images\/media\/default.png","width":5504,"height":3096,"sizes":{"thumbnail":"https:\/\/www.miirohotels.com\/wp-content\/uploads\/2026\/03\/b4f521b7-0f52-430e-acf9-b401b4ccdf85-1-150x150.jpg","thumbnail-width":150,"thumbnail-height":150,"large":"https:\/\/www.miirohotels.com\/wp-content\/uploads\/2026\/03\/b4f521b7-0f52-430e-acf9-b401b4ccdf85-1-1024x576.jpg","large-width":1024,"large-height":576},"focal":{"x":null,"y":null}},"ctaScrollPosition":""},{"status":true,"image":{"ID":31472,"id":31472,"title":"027ff905-fa60-433f-9e1d-8050dbe88e51","filename":"027ff905-fa60-433f-9e1d-8050dbe88e51.jpg","filesize":3069310,"url":"https:\/\/www.miirohotels.com\/wp-content\/uploads\/2026\/03\/027ff905-fa60-433f-9e1d-8050dbe88e51.jpg","link":"https:\/\/www.miirohotels.com\/fr\/the-mansard\/restaurant-et-bar\/restaurant\/027ff905-fa60-433f-9e1d-8050dbe88e51-2-2","alt":"","author":"15","description":"","caption":"","name":"027ff905-fa60-433f-9e1d-8050dbe88e51-2-2","status":"inherit","uploaded_to":5070,"date":"2026-03-29 14:20:36","modified":"2026-03-29 14:20:36","menu_order":0,"mime_type":"image\/jpeg","type":"image","subtype":"jpeg","icon":"https:\/\/www.miirohotels.com\/wp-includes\/images\/media\/default.png","width":5504,"height":3096,"sizes":{"thumbnail":"https:\/\/www.miirohotels.com\/wp-content\/uploads\/2026\/03\/027ff905-fa60-433f-9e1d-8050dbe88e51-150x150.jpg","thumbnail-width":150,"thumbnail-height":150,"large":"https:\/\/www.miirohotels.com\/wp-content\/uploads\/2026\/03\/027ff905-fa60-433f-9e1d-8050dbe88e51-1024x576.jpg","large-width":1024,"large-height":576},"focal":{"x":null,"y":null}},"ctaScrollPosition":""},{"status":true,"image":{"ID":31483,"id":31483,"title":"1_The Mansard Rooftop_Landscape_ Low res","filename":"1_The-Mansard-Rooftop_Landscape_-Low-res.jpg","filesize":1834819,"url":"https:\/\/www.miirohotels.com\/wp-content\/uploads\/2026\/03\/1_The-Mansard-Rooftop_Landscape_-Low-res.jpg","link":"https:\/\/www.miirohotels.com\/fr\/the-mansard\/restaurant-et-bar\/rooftop\/1_the-mansard-rooftop_landscape_-low-res-3-2","alt":"","author":"15","description":"","caption":"","name":"1_the-mansard-rooftop_landscape_-low-res-3-2","status":"inherit","uploaded_to":5073,"date":"2026-03-29 14:50:55","modified":"2026-03-29 14:50:55","menu_order":0,"mime_type":"image\/jpeg","type":"image","subtype":"jpeg","icon":"https:\/\/www.miirohotels.com\/wp-includes\/images\/media\/default.png","width":1920,"height":1280,"sizes":{"thumbnail":"https:\/\/www.miirohotels.com\/wp-content\/uploads\/2026\/03\/1_The-Mansard-Rooftop_Landscape_-Low-res-150x150.jpg","thumbnail-width":150,"thumbnail-height":150,"large":"https:\/\/www.miirohotels.com\/wp-content\/uploads\/2026\/03\/1_The-Mansard-Rooftop_Landscape_-Low-res-1024x683.jpg","large-width":1024,"large-height":683},"focal":{"x":null,"y":null}},"ctaScrollPosition":""}],"mode":"full","overlay":false},{"acf_fc_layout":"text","statusRegion":true,"heading":{"text":"<p>GSTAAD<\/p>\n","type":"h2"},"text":"<p>Le Rooftop The Mansard<\/p>\n","sizeTextContent":"default","smallHeadingAbove":true,"booking":false,"showLocation":false,"useSelfBookWidget":false,"hotel":false},{"acf_fc_layout":"textMedia","statusRegion":true,"content":[{"acf_fc_layout":"textBlocks","blocks":[{"acf_fc_layout":"heading","status":true,"text":"<p>Le Rooftop<\/p>\n","type":"h2"},{"acf_fc_layout":"text","status":true,"text":"<p><span style=\"font-weight: 400;\">The Mansard Rooftop est le seul bar rooftop de Gstaad. Profitez de la vue panoramique sur les Alpes tout en d\u00e9gustant de d\u00e9licieux cocktails \u2013 ou un verre de vin issu de notre s\u00e9lection internationale \u2013 dans une ambiance conviviale et avec un service chaleureux. Un menu r\u00e9confortant de soupes, snacks et petites bouch\u00e9es vous attend \u00e9galement. <\/span><span style=\"font-weight: 400;\">Cette destination ouverte toute l\u2019ann\u00e9e est un lieu de rencontre convivial et pittoresque en plein c\u0153ur de Gstaad, et l\u2019endroit id\u00e9al pour c\u00e9l\u00e9brer vos aventures de la journ\u00e9e.<\/span><\/p>\n<div class=\"mb-12 font-centraNo2 leading-6 tracking-tight last:mb-0\">\n<p data-start=\"541\" data-end=\"621\">Le Rooftop Bar est ouvert le vendredi et le samedi de 12h00 \u00e0 22h00, ainsi que le dimanche et le lundi de 12h00 \u00e0 17h00.<\/p>\n<p>R\u00e9servez votre table directement en ligne ou par t\u00e9l\u00e9phone au +41 33 748 40 00. <a href=\"tel:+41337484000\">+41 33 748 40 00.<\/a><\/p>\n<\/div>\n"},{"acf_fc_layout":"ctas","status":true,"ctas":[{"acf_fc_layout":"link","link":[{"acf_fc_layout":"externalLink","href":"https:\/\/www.miirohotels.com\/wp-content\/uploads\/2025\/11\/Fondue_Menu_24.11.2025.pdf","newWindow":true,"useSelfBook":false,"ctaText":""}],"text":"Menu fondue sur le toit "},{"acf_fc_layout":"link","link":[{"acf_fc_layout":"externalLink","href":"https:\/\/www.miirohotels.com\/wp-content\/uploads\/2025\/11\/Cocktailkarte_24.11.2025.pdf","newWindow":true,"useSelfBook":false,"ctaText":""}],"text":"Boissons"},{"acf_fc_layout":"link","link":[{"acf_fc_layout":"externalLink","href":"https:\/\/www.miirohotels.com\/wp-content\/uploads\/2025\/11\/Kids_Menu_24.11.2025.pdf","newWindow":true,"useSelfBook":false,"ctaText":""}],"text":"Menu Enfant"}],"justify":false},{"acf_fc_layout":"scriptBookingWidget","status":true,"script_booking":"http:\/\/services.gastronovi.com\/restaurants\/105694\/scripts\/reservation"}]},{"acf_fc_layout":"media","images":[{"status":true,"image":{"ID":23960,"id":23960,"title":"TheMansard_2025-12_\u00a9DigitaleMassarbeit_055","filename":"TheMansard_2025-12_\u00a9DigitaleMassarbeit_055.jpg","filesize":3434259,"url":"https:\/\/www.miirohotels.com\/wp-content\/uploads\/2025\/12\/TheMansard_2025-12_\u00a9DigitaleMassarbeit_055.jpg","link":"https:\/\/www.miirohotels.com\/fr\/the-mansard\/restaurant-et-bar\/rooftop\/themansard_2025-12_digitalemassarbeit_055-2","alt":"","author":"15","description":"","caption":"","name":"themansard_2025-12_digitalemassarbeit_055-2","status":"inherit","uploaded_to":5073,"date":"2025-12-06 11:49:24","modified":"2026-01-16 14:59:26","menu_order":0,"mime_type":"image\/jpeg","type":"image","subtype":"jpeg","icon":"https:\/\/www.miirohotels.com\/wp-includes\/images\/media\/default.png","width":2000,"height":3000,"sizes":{"thumbnail":"https:\/\/www.miirohotels.com\/wp-content\/uploads\/2025\/12\/TheMansard_2025-12_\u00a9DigitaleMassarbeit_055-150x150.jpg","thumbnail-width":150,"thumbnail-height":150,"large":"https:\/\/www.miirohotels.com\/wp-content\/uploads\/2025\/12\/TheMansard_2025-12_\u00a9DigitaleMassarbeit_055-683x1024.jpg","large-width":683,"large-height":1024},"focal":{"x":null,"y":null}},"caption":{"name":"","body":""}},{"status":false,"image":{"ID":31304,"id":31304,"title":"\u00a9MelanieUhk\u00f6tter_TheMansardSpring_250514_DSC_1333_high","filename":"\u00a9MelanieUhkotter_TheMansardSpring_250514_DSC_1333_high.jpeg","filesize":5755789,"url":"https:\/\/www.miirohotels.com\/wp-content\/uploads\/2026\/03\/\u00a9MelanieUhkotter_TheMansardSpring_250514_DSC_1333_high.jpeg","link":"https:\/\/www.miirohotels.com\/fr\/melanieuhkotter_themansardspring_250514_dsc_1333_high-2-2","alt":"","author":"15","description":"","caption":"","name":"melanieuhkotter_themansardspring_250514_dsc_1333_high-2-2","status":"inherit","uploaded_to":0,"date":"2026-03-29 11:36:52","modified":"2026-03-29 11:36:52","menu_order":0,"mime_type":"image\/jpeg","type":"image","subtype":"jpeg","icon":"https:\/\/www.miirohotels.com\/wp-includes\/images\/media\/default.png","width":5412,"height":8118,"sizes":{"thumbnail":"https:\/\/www.miirohotels.com\/wp-content\/uploads\/2026\/03\/\u00a9MelanieUhkotter_TheMansardSpring_250514_DSC_1333_high-150x150.jpeg","thumbnail-width":150,"thumbnail-height":150,"large":"https:\/\/www.miirohotels.com\/wp-content\/uploads\/2026\/03\/\u00a9MelanieUhkotter_TheMansardSpring_250514_DSC_1333_high-683x1024.jpeg","large-width":683,"large-height":1024},"focal":{"x":null,"y":null}},"caption":{"name":"","body":""}}]}],"alignTextBlocks":"center","hotel":{"id":5281,"date":"2024-11-01T16:19:49","date_gmt":"2024-11-01T16:19:49","guid":{"rendered":"https:\/\/www.miirohotels.com\/hotels\/gstaad"},"modified":"2026-03-23T04:42:49","modified_gmt":"2026-03-23T04:42:49","slug":"the-mansard","status":"publish","type":"hotels","link":"https:\/\/www.miirohotels.com\/fr\/hotels\/the-mansard","title":{"rendered":"Gstaad"},"template":"","meta":{"_acf_changed":false},"acf":{"image":"https:\/\/www.miirohotels.com\/wp-content\/uploads\/2024\/11\/GSTAAD69.png","logo":"https:\/\/www.miirohotels.com\/wp-content\/uploads\/2024\/11\/Miiro-Mansard-primary-logo-black-1-1.png","name":"The Mansard","description":"Une interpr\u00e9tation contemporaine des traditions alpines au c\u0153ur de Gstaad. The Mansard propose 29 chambres et suites d\u00e9cor\u00e9es avec des touches chaleureuses de style chalet, un restaurant anim\u00e9 mettant en valeur les sp\u00e9cialit\u00e9s culinaires locales et le seul bar rooftop de Gstaad.","city":"  Gstaad","neighborhood":"Oberland Bernois","bookingId":"9879257","dateMin":"2026-03-09","selfbook":{"hotelId":"9879257","apiKey":"BRfFoZNBUNE8fbothkMzzzLBL3H0sq0E7I4"},"setBookingExternal":false,"linkBookingExternal":"https:\/\/reservations.travelclick.com\/9879257?languageid=3","addressInformation":"","phone":"+41 33 748 40 00","email":"","newsletterOverride":false,"homePageHotel":"https:\/\/www.miirohotels.com\/fr\/the-mansard","color":{"dark":{"red":155,"green":184,"blue":211,"alpha":1},"light":{"red":0,"green":37,"blue":84,"alpha":1}},"sideNavigation":{"menuItems":[]},"headerNavigation":{"menuItems":[]}},"_links":{"self":[{"href":"https:\/\/www.miirohotels.com\/fr\/wp-json\/wp\/v2\/hotels\/5281","targetHints":{"allow":["GET"]}}],"collection":[{"href":"https:\/\/www.miirohotels.com\/fr\/wp-json\/wp\/v2\/hotels"}],"about":[{"href":"https:\/\/www.miirohotels.com\/fr\/wp-json\/wp\/v2\/types\/hotels"}],"version-history":[{"count":24,"href":"https:\/\/www.miirohotels.com\/fr\/wp-json\/wp\/v2\/hotels\/5281\/revisions"}],"predecessor-version":[{"id":30482,"href":"https:\/\/www.miirohotels.com\/fr\/wp-json\/wp\/v2\/hotels\/5281\/revisions\/30482"}],"acf:post":[{"embeddable":true,"href":"https:\/\/www.miirohotels.com\/fr\/wp-json\/wp\/v2\/pages\/5103"}],"wp:attachment":[{"href":"https:\/\/www.miirohotels.com\/fr\/wp-json\/wp\/v2\/media?parent=5281"}],"curies":[{"name":"wp","href":"https:\/\/api.w.org\/{rel}","templated":true}]}},"layout":{"orientation":"portrait","imageSize":"large","topSpacing":true,"bottomSpacing":false},"background":"light"}],"hotel":{"id":5281,"date":"2024-11-01T16:19:49","date_gmt":"2024-11-01T16:19:49","guid":{"rendered":"https:\/\/www.miirohotels.com\/hotels\/gstaad"},"modified":"2026-03-23T04:42:49","modified_gmt":"2026-03-23T04:42:49","slug":"the-mansard","status":"publish","type":"hotels","link":"https:\/\/www.miirohotels.com\/fr\/hotels\/the-mansard","title":{"rendered":"Gstaad"},"template":"","meta":{"_acf_changed":false},"acf":{"image":"https:\/\/www.miirohotels.com\/wp-content\/uploads\/2024\/11\/GSTAAD69.png","logo":"https:\/\/www.miirohotels.com\/wp-content\/uploads\/2024\/11\/Miiro-Mansard-primary-logo-black-1-1.png","name":"The Mansard","description":"Une interpr\u00e9tation contemporaine des traditions alpines au c\u0153ur de Gstaad. The Mansard propose 29 chambres et suites d\u00e9cor\u00e9es avec des touches chaleureuses de style chalet, un restaurant anim\u00e9 mettant en valeur les sp\u00e9cialit\u00e9s culinaires locales et le seul bar rooftop de Gstaad.","city":"  Gstaad","neighborhood":"Oberland Bernois","bookingId":"9879257","dateMin":"2026-03-09","selfbook":{"hotelId":"9879257","apiKey":"BRfFoZNBUNE8fbothkMzzzLBL3H0sq0E7I4"},"setBookingExternal":false,"linkBookingExternal":"https:\/\/reservations.travelclick.com\/9879257?languageid=3","addressInformation":"","phone":"+41 33 748 40 00","email":"","newsletterOverride":false,"homePageHotel":"https:\/\/www.miirohotels.com\/fr\/the-mansard","color":{"dark":{"red":155,"green":184,"blue":211,"alpha":1},"light":{"red":0,"green":37,"blue":84,"alpha":1}},"sideNavigation":{"menuItems":[]},"headerNavigation":{"menuItems":[]}},"_links":{"self":[{"href":"https:\/\/www.miirohotels.com\/fr\/wp-json\/wp\/v2\/hotels\/5281","targetHints":{"allow":["GET"]}}],"collection":[{"href":"https:\/\/www.miirohotels.com\/fr\/wp-json\/wp\/v2\/hotels"}],"about":[{"href":"https:\/\/www.miirohotels.com\/fr\/wp-json\/wp\/v2\/types\/hotels"}],"version-history":[{"count":24,"href":"https:\/\/www.miirohotels.com\/fr\/wp-json\/wp\/v2\/hotels\/5281\/revisions"}],"predecessor-version":[{"id":30482,"href":"https:\/\/www.miirohotels.com\/fr\/wp-json\/wp\/v2\/hotels\/5281\/revisions\/30482"}],"acf:post":[{"embeddable":true,"href":"https:\/\/www.miirohotels.com\/fr\/wp-json\/wp\/v2\/hotels\/5281"},{"embeddable":true,"href":"https:\/\/www.miirohotels.com\/fr\/wp-json\/wp\/v2\/pages\/5103"}],"wp:attachment":[{"href":"https:\/\/www.miirohotels.com\/fr\/wp-json\/wp\/v2\/media?parent=5281"}],"curies":[{"name":"wp","href":"https:\/\/api.w.org\/{rel}","templated":true}]}},"background":"light","hideHeader":false,"styleNewsletter":"dark"},"yoast_head":"<!-- This site is optimized with the Yoast SEO plugin v20.13 - https:\/\/yoast.com\/wordpress\/plugins\/seo\/ -->\n<title>The Rooftop | Cocktails, Light Bites, and Views at our bar in Gstaad<\/title>\n<meta name=\"description\" content=\"Profitez d&#039;une vue panoramique sur les Alpes au Rooftop, le seul bar sur les toits de Gstaad. Cocktails, collations l\u00e9g\u00e8res et ambiance pittoresque vous attendent dans notre bar-restaurant ouvert toute l&#039;ann\u00e9e.\" \/>\n<meta name=\"robots\" content=\"index, follow, max-snippet:-1, max-image-preview:large, max-video-preview:-1\" \/>\n<link rel=\"canonical\" href=\"https:\/\/www.miirohotels.com\/fr\/the-mansard\/restaurant-et-bar\/rooftop\" \/>\n<meta property=\"og:locale\" content=\"fr_FR\" \/>\n<meta property=\"og:type\" content=\"article\" \/>\n<meta property=\"og:title\" content=\"The Rooftop | Cocktails, Light Bites, and Views at our bar in Gstaad\" \/>\n<meta property=\"og:description\" content=\"Profitez d&#039;une vue panoramique sur les Alpes au Rooftop, le seul bar sur les toits de Gstaad. Cocktails, collations l\u00e9g\u00e8res et ambiance pittoresque vous attendent dans notre bar-restaurant ouvert toute l&#039;ann\u00e9e.\" \/>\n<meta property=\"og:url\" content=\"https:\/\/www.miirohotels.com\/fr\/the-mansard\/restaurant-et-bar\/rooftop\" \/>\n<meta property=\"og:site_name\" content=\"Miiro\" \/>\n<meta property=\"article:modified_time\" content=\"2026-02-25T18:06:03+00:00\" \/>\n<meta name=\"twitter:card\" content=\"summary_large_image\" \/>\n<script type=\"application\/ld+json\" class=\"yoast-schema-graph\">{\"@context\":\"https:\/\/schema.org\",\"@graph\":[{\"@type\":\"WebPage\",\"@id\":\"https:\/\/www.miirohotels.com\/fr\/the-mansard\/restaurant-et-bar\/rooftop\",\"url\":\"https:\/\/www.miirohotels.com\/fr\/the-mansard\/restaurant-et-bar\/rooftop\",\"name\":\"The Rooftop | Cocktails, Light Bites, and Views at our bar in Gstaad\",\"isPartOf\":{\"@id\":\"https:\/\/www.miirohotels.com\/fr#website\"},\"datePublished\":\"2024-12-03T11:48:19+00:00\",\"dateModified\":\"2026-02-25T18:06:03+00:00\",\"description\":\"Profitez d'une vue panoramique sur les Alpes au Rooftop, le seul bar sur les toits de Gstaad. Cocktails, collations l\u00e9g\u00e8res et ambiance pittoresque vous attendent dans notre bar-restaurant ouvert toute l'ann\u00e9e.\",\"breadcrumb\":{\"@id\":\"https:\/\/www.miirohotels.com\/fr\/the-mansard\/restaurant-et-bar\/rooftop#breadcrumb\"},\"inLanguage\":\"fr-FR\",\"potentialAction\":[{\"@type\":\"ReadAction\",\"target\":[\"https:\/\/www.miirohotels.com\/fr\/the-mansard\/restaurant-et-bar\/rooftop\"]}]},{\"@type\":\"BreadcrumbList\",\"@id\":\"https:\/\/www.miirohotels.com\/fr\/the-mansard\/restaurant-et-bar\/rooftop#breadcrumb\",\"itemListElement\":[{\"@type\":\"ListItem\",\"position\":1,\"name\":\"Home\",\"item\":\"https:\/\/www.miirohotels.com\/fr\"},{\"@type\":\"ListItem\",\"position\":2,\"name\":\"Gstaad &#8211; La Mansarde (page d&#8217;accueil)\",\"item\":\"https:\/\/www.miirohotels.com\/fr\/the-mansard\"},{\"@type\":\"ListItem\",\"position\":3,\"name\":\"Gstaad &#8211; Restaurant et Bar (main page)\",\"item\":\"https:\/\/www.miirohotels.com\/fr\/the-mansard\/restaurant-et-bar\"},{\"@type\":\"ListItem\",\"position\":4,\"name\":\"Gstaad &#8211; The Mansard Rooftop Bar\"}]},{\"@type\":\"WebSite\",\"@id\":\"https:\/\/www.miirohotels.com\/fr#website\",\"url\":\"https:\/\/www.miirohotels.com\/fr\",\"name\":\"Miiro\",\"description\":\"\",\"potentialAction\":[{\"@type\":\"SearchAction\",\"target\":{\"@type\":\"EntryPoint\",\"urlTemplate\":\"https:\/\/www.miirohotels.com\/fr?s={search_term_string}\"},\"query-input\":\"required name=search_term_string\"}],\"inLanguage\":\"fr-FR\"}]}<\/script>\n<!-- \/ Yoast SEO plugin. -->","yoast_head_json":{"title":"The Rooftop | Cocktails, Light Bites, and Views at our bar in Gstaad","description":"Profitez d'une vue panoramique sur les Alpes au Rooftop, le seul bar sur les toits de Gstaad. Cocktails, collations l\u00e9g\u00e8res et ambiance pittoresque vous attendent dans notre bar-restaurant ouvert toute l'ann\u00e9e.","robots":{"index":"index","follow":"follow","max-snippet":"max-snippet:-1","max-image-preview":"max-image-preview:large","max-video-preview":"max-video-preview:-1"},"canonical":"https:\/\/www.miirohotels.com\/fr\/the-mansard\/restaurant-et-bar\/rooftop","og_locale":"fr_FR","og_type":"article","og_title":"The Rooftop | Cocktails, Light Bites, and Views at our bar in Gstaad","og_description":"Profitez d'une vue panoramique sur les Alpes au Rooftop, le seul bar sur les toits de Gstaad. Cocktails, collations l\u00e9g\u00e8res et ambiance pittoresque vous attendent dans notre bar-restaurant ouvert toute l'ann\u00e9e.","og_url":"https:\/\/www.miirohotels.com\/fr\/the-mansard\/restaurant-et-bar\/rooftop","og_site_name":"Miiro","article_modified_time":"2026-02-25T18:06:03+00:00","twitter_card":"summary_large_image","schema":{"@context":"https:\/\/schema.org","@graph":[{"@type":"WebPage","@id":"https:\/\/www.miirohotels.com\/fr\/the-mansard\/restaurant-et-bar\/rooftop","url":"https:\/\/www.miirohotels.com\/fr\/the-mansard\/restaurant-et-bar\/rooftop","name":"The Rooftop | Cocktails, Light Bites, and Views at our bar in Gstaad","isPartOf":{"@id":"https:\/\/www.miirohotels.com\/fr#website"},"datePublished":"2024-12-03T11:48:19+00:00","dateModified":"2026-02-25T18:06:03+00:00","description":"Profitez d'une vue panoramique sur les Alpes au Rooftop, le seul bar sur les toits de Gstaad. Cocktails, collations l\u00e9g\u00e8res et ambiance pittoresque vous attendent dans notre bar-restaurant ouvert toute l'ann\u00e9e.","breadcrumb":{"@id":"https:\/\/www.miirohotels.com\/fr\/the-mansard\/restaurant-et-bar\/rooftop#breadcrumb"},"inLanguage":"fr-FR","potentialAction":[{"@type":"ReadAction","target":["https:\/\/www.miirohotels.com\/fr\/the-mansard\/restaurant-et-bar\/rooftop"]}]},{"@type":"BreadcrumbList","@id":"https:\/\/www.miirohotels.com\/fr\/the-mansard\/restaurant-et-bar\/rooftop#breadcrumb","itemListElement":[{"@type":"ListItem","position":1,"name":"Home","item":"https:\/\/www.miirohotels.com\/fr"},{"@type":"ListItem","position":2,"name":"Gstaad &#8211; La Mansarde (page d&#8217;accueil)","item":"https:\/\/www.miirohotels.com\/fr\/the-mansard"},{"@type":"ListItem","position":3,"name":"Gstaad &#8211; Restaurant et Bar (main page)","item":"https:\/\/www.miirohotels.com\/fr\/the-mansard\/restaurant-et-bar"},{"@type":"ListItem","position":4,"name":"Gstaad &#8211; The Mansard Rooftop Bar"}]},{"@type":"WebSite","@id":"https:\/\/www.miirohotels.com\/fr#website","url":"https:\/\/www.miirohotels.com\/fr","name":"Miiro","description":"","potentialAction":[{"@type":"SearchAction","target":{"@type":"EntryPoint","urlTemplate":"https:\/\/www.miirohotels.com\/fr?s={search_term_string}"},"query-input":"required name=search_term_string"}],"inLanguage":"fr-FR"}]}},"source_id":5073,"languages":[{"id":5072,"lang":"de","url":"https:\/\/www.miirohotels.com\/de\/the-mansard\/essen-trinken\/rooftop"},{"id":4979,"lang":"en","url":"https:\/\/www.miirohotels.com\/the-mansard\/eat-and-drink\/rooftop"},{"id":6451,"lang":"es","url":"https:\/\/www.miirohotels.com\/es\/the-mansard\/comida-y-bebida\/rooftop"},{"id":5073,"lang":"fr","url":"https:\/\/www.miirohotels.com\/fr\/the-mansard\/restaurant-et-bar\/rooftop"}],"_links":{"self":[{"href":"https:\/\/www.miirohotels.com\/fr\/wp-json\/wp\/v2\/pages\/5073","targetHints":{"allow":["GET"]}}],"collection":[{"href":"https:\/\/www.miirohotels.com\/fr\/wp-json\/wp\/v2\/pages"}],"about":[{"href":"https:\/\/www.miirohotels.com\/fr\/wp-json\/wp\/v2\/types\/page"}],"author":[{"embeddable":true,"href":"https:\/\/www.miirohotels.com\/fr\/wp-json\/wp\/v2\/users\/5"}],"replies":[{"embeddable":true,"href":"https:\/\/www.miirohotels.com\/fr\/wp-json\/wp\/v2\/comments?post=5073"}],"version-history":[{"count":36,"href":"https:\/\/www.miirohotels.com\/fr\/wp-json\/wp\/v2\/pages\/5073\/revisions"}],"predecessor-version":[{"id":28522,"href":"https:\/\/www.miirohotels.com\/fr\/wp-json\/wp\/v2\/pages\/5073\/revisions\/28522"}],"up":[{"embeddable":true,"href":"https:\/\/www.miirohotels.com\/fr\/wp-json\/wp\/v2\/pages\/5107"}],"wp:attachment":[{"href":"https:\/\/www.miirohotels.com\/fr\/wp-json\/wp\/v2\/media?parent=5073"}],"wp:term":[{"taxonomy":"post_tag","embeddable":true,"href":"https:\/\/www.miirohotels.com\/fr\/wp-json\/wp\/v2\/tags?post=5073"}],"curies":[{"name":"wp","href":"https:\/\/api.w.org\/{rel}","templated":true}]}}