{"id":3441,"date":"2024-05-24T16:24:54","date_gmt":"2024-05-24T15:24:54","guid":{"rendered":"https:\/\/www.miirohotels.com\/le-grand-hotel-cayre-oferta-de-apertura"},"modified":"2024-11-26T10:25:44","modified_gmt":"2024-11-26T10:25:44","slug":"le-grand-hotel-cayre-oferta-de-apertura","status":"publish","type":"page","link":"https:\/\/www.miirohotels.com\/es\/le-grand-hotel-cayre-oferta-de-apertura","title":{"rendered":"Le Grand Hotel Cayre Oferta de apertura"},"content":{"rendered":"","protected":false},"excerpt":{"rendered":"","protected":false},"author":1,"featured_media":0,"parent":0,"menu_order":0,"comment_status":"closed","ping_status":"closed","template":"","meta":{"_acf_changed":false,"footnotes":""},"tags":[34],"class_list":["post-3441","page","type-page","status-publish","hentry","tag-paris-es"],"acf":{"blocks":[{"acf_fc_layout":"textMedia","statusRegion":true,"content":[{"acf_fc_layout":"textBlocks","blocks":[{"acf_fc_layout":"heading","status":true,"text":"<p><b>Oferta de apertura<\/b><\/p>\n","type":"h2"},{"acf_fc_layout":"text","status":true,"text":"<p>Para celebrar la emocionante apertura de Le Grand H\u00f4tel Cayr\u00e9, el primer hotel Miiro del mundo, ofrecemos un 15% de descuento en las estancias de nuestros primeros hu\u00e9spedes. Y no s\u00f3lo eso, sino que adem\u00e1s recibir\u00e1n 30\u20ac de cr\u00e9dito para gastar en Annette, nuestra brasserie parisina. Reserva tu estancia y s\u00e9 uno de los primeros en vivir el siguiente cap\u00edtulo de la fascinante historia de Saint-Germain-des-Pr\u00e9s.<\/p>\n"},{"acf_fc_layout":"ctas","status":true,"ctas":[{"acf_fc_layout":"button","text":"Reserva tu estancia","link":[{"acf_fc_layout":"externalLink","href":"https:\/\/reservations.travelclick.com\/116367?advertisementID=25207133","newWindow":true,"useSelfBook":true,"ctaText":""}]}],"justify":false},{"acf_fc_layout":"text","status":true,"text":"<p style=\"font-weight: 400;\"><strong>Incluye:<\/strong><\/p>\n<ul style=\"font-weight: 400;\">\n<li>15% de descuento sobre la mejor tarifa disponible<\/li>\n<li>30\u20ac de cr\u00e9dito para gastar en Annette<\/li>\n<\/ul>\n<p style=\"font-weight: 400;\"><strong>T\u00e9rminos y Condiciones<\/strong><\/p>\n<ul style=\"font-weight: 400;\">\n<li>Oferta disponible hasta el 31 de diciembre de 2024 para estancias hasta el 31 de marzo de 2025.<\/li>\n<li>Prepago y no reembolsable<\/li>\n<li>No v\u00e1lido junto con ninguna otra oferta<\/li>\n<\/ul>\n"}]},{"acf_fc_layout":"media","images":[{"status":true,"image":false,"caption":{"name":"","body":""}}]}],"alignTextBlocks":"center","hotel":{"id":1201,"date":"2023-09-26T08:36:58","date_gmt":"2023-09-26T07:36:58","guid":{"rendered":"https:\/\/www.miirohotels.com\/hotels\/paris"},"modified":"2026-03-23T04:49:26","modified_gmt":"2026-03-23T04:49:26","slug":"legrandhotelcayre","status":"publish","type":"hotels","link":"https:\/\/www.miirohotels.com\/es\/hotels\/legrandhotelcayre","title":{"rendered":"Paris &#8211; es"},"template":"","meta":{"_acf_changed":false},"acf":{"image":"https:\/\/www.miirohotels.com\/wp-content\/uploads\/2024\/11\/Cayre43.png","logo":"https:\/\/www.miirohotels.com\/wp-content\/uploads\/2023\/09\/paris-logo-2-1.png","name":"LE GRAND H\u00d4TEL CAYR\u00c9","description":"En el art\u00edstico barrio parisino de Saint-Germain-des-Pr\u00e9s, Le Grand Hotel Cayr\u00e9 marca el renacimiento de un destino hist\u00f3rico emblem\u00e1tico para creativos e intelectuales. Junto a sus 123 elegantes habitaciones y suites, el hotel celebra los sabores franceses con una brasserie cl\u00e1sica y un bar exclusivo.","city":"Paris","neighborhood":"Saint Germain","bookingId":"116367","dateMin":"2024-07-01","selfbook":{"hotelId":"116367","apiKey":"BRfFoZNBUNE8fbothkMzzzLBL3H0sq0E7I4"},"setBookingExternal":false,"linkBookingExternal":"","addressInformation":"","phone":"+33 (0)1 45 44 38 88 ","email":"","newsletterOverride":false,"homePageHotel":"https:\/\/www.miirohotels.com\/es\/legrandhotelcayre","color":{"dark":{"red":219,"green":194,"blue":182,"alpha":1},"light":{"red":71,"green":27,"blue":19,"alpha":1}},"sideNavigation":{"menuItems":[]},"headerNavigation":{"menuItems":[]}},"_links":{"self":[{"href":"https:\/\/www.miirohotels.com\/es\/wp-json\/wp\/v2\/hotels\/1201","targetHints":{"allow":["GET"]}}],"collection":[{"href":"https:\/\/www.miirohotels.com\/es\/wp-json\/wp\/v2\/hotels"}],"about":[{"href":"https:\/\/www.miirohotels.com\/es\/wp-json\/wp\/v2\/types\/hotels"}],"version-history":[{"count":18,"href":"https:\/\/www.miirohotels.com\/es\/wp-json\/wp\/v2\/hotels\/1201\/revisions"}],"predecessor-version":[{"id":30496,"href":"https:\/\/www.miirohotels.com\/es\/wp-json\/wp\/v2\/hotels\/1201\/revisions\/30496"}],"acf:post":[{"embeddable":true,"href":"https:\/\/www.miirohotels.com\/es\/wp-json\/wp\/v2\/pages\/1142"}],"wp:attachment":[{"href":"https:\/\/www.miirohotels.com\/es\/wp-json\/wp\/v2\/media?parent=1201"}],"curies":[{"name":"wp","href":"https:\/\/api.w.org\/{rel}","templated":true}]}},"layout":{"orientation":"portrait","imageSize":"large","topSpacing":true,"bottomSpacing":false},"background":"light"}],"hotel":{"id":1201,"date":"2023-09-26T08:36:58","date_gmt":"2023-09-26T07:36:58","guid":{"rendered":"https:\/\/www.miirohotels.com\/hotels\/paris"},"modified":"2026-03-23T04:49:26","modified_gmt":"2026-03-23T04:49:26","slug":"legrandhotelcayre","status":"publish","type":"hotels","link":"https:\/\/www.miirohotels.com\/es\/hotels\/legrandhotelcayre","title":{"rendered":"Paris &#8211; es"},"template":"","meta":{"_acf_changed":false},"acf":{"image":"https:\/\/www.miirohotels.com\/wp-content\/uploads\/2024\/11\/Cayre43.png","logo":"https:\/\/www.miirohotels.com\/wp-content\/uploads\/2023\/09\/paris-logo-2-1.png","name":"LE GRAND H\u00d4TEL CAYR\u00c9","description":"En el art\u00edstico barrio parisino de Saint-Germain-des-Pr\u00e9s, Le Grand Hotel Cayr\u00e9 marca el renacimiento de un destino hist\u00f3rico emblem\u00e1tico para creativos e intelectuales. Junto a sus 123 elegantes habitaciones y suites, el hotel celebra los sabores franceses con una brasserie cl\u00e1sica y un bar exclusivo.","city":"Paris","neighborhood":"Saint Germain","bookingId":"116367","dateMin":"2024-07-01","selfbook":{"hotelId":"116367","apiKey":"BRfFoZNBUNE8fbothkMzzzLBL3H0sq0E7I4"},"setBookingExternal":false,"linkBookingExternal":"","addressInformation":"","phone":"+33 (0)1 45 44 38 88 ","email":"","newsletterOverride":false,"homePageHotel":"https:\/\/www.miirohotels.com\/es\/legrandhotelcayre","color":{"dark":{"red":219,"green":194,"blue":182,"alpha":1},"light":{"red":71,"green":27,"blue":19,"alpha":1}},"sideNavigation":{"menuItems":[]},"headerNavigation":{"menuItems":[]}},"_links":{"self":[{"href":"https:\/\/www.miirohotels.com\/es\/wp-json\/wp\/v2\/hotels\/1201","targetHints":{"allow":["GET"]}}],"collection":[{"href":"https:\/\/www.miirohotels.com\/es\/wp-json\/wp\/v2\/hotels"}],"about":[{"href":"https:\/\/www.miirohotels.com\/es\/wp-json\/wp\/v2\/types\/hotels"}],"version-history":[{"count":18,"href":"https:\/\/www.miirohotels.com\/es\/wp-json\/wp\/v2\/hotels\/1201\/revisions"}],"predecessor-version":[{"id":30496,"href":"https:\/\/www.miirohotels.com\/es\/wp-json\/wp\/v2\/hotels\/1201\/revisions\/30496"}],"acf:post":[{"embeddable":true,"href":"https:\/\/www.miirohotels.com\/es\/wp-json\/wp\/v2\/hotels\/1201"},{"embeddable":true,"href":"https:\/\/www.miirohotels.com\/es\/wp-json\/wp\/v2\/pages\/1142"}],"wp:attachment":[{"href":"https:\/\/www.miirohotels.com\/es\/wp-json\/wp\/v2\/media?parent=1201"}],"curies":[{"name":"wp","href":"https:\/\/api.w.org\/{rel}","templated":true}]}},"background":"light","hideHeader":false,"styleNewsletter":"dark"},"yoast_head":"<!-- This site is optimized with the Yoast SEO plugin v20.13 - https:\/\/yoast.com\/wordpress\/plugins\/seo\/ -->\n<title>Le Grand Hotel Cayre Oferta de apertura - Miiro<\/title>\n<meta name=\"description\" content=\"Para celebrar la emocionante apertura de Le Grand H\u00f4tel Cayr\u00e9, el primer hotel Miiro del mundo, ofrecemos un 15% de descuento en las estancias de nuestros primeros hu\u00e9spedes.\" \/>\n<meta name=\"robots\" content=\"index, follow, max-snippet:-1, max-image-preview:large, max-video-preview:-1\" \/>\n<link rel=\"canonical\" href=\"https:\/\/www.miirohotels.com\/es\/le-grand-hotel-cayre-oferta-de-apertura\" \/>\n<meta property=\"og:locale\" content=\"es_ES\" \/>\n<meta property=\"og:type\" content=\"article\" \/>\n<meta property=\"og:title\" content=\"Le Grand Hotel Cayre Oferta de apertura - Miiro\" \/>\n<meta property=\"og:description\" content=\"Para celebrar la emocionante apertura de Le Grand H\u00f4tel Cayr\u00e9, el primer hotel Miiro del mundo, ofrecemos un 15% de descuento en las estancias de nuestros primeros hu\u00e9spedes.\" \/>\n<meta property=\"og:url\" content=\"https:\/\/www.miirohotels.com\/es\/le-grand-hotel-cayre-oferta-de-apertura\" \/>\n<meta property=\"og:site_name\" content=\"Miiro\" \/>\n<meta property=\"article:modified_time\" content=\"2024-11-26T10:25:44+00:00\" \/>\n<meta name=\"twitter:card\" content=\"summary_large_image\" \/>\n<script type=\"application\/ld+json\" class=\"yoast-schema-graph\">{\"@context\":\"https:\/\/schema.org\",\"@graph\":[{\"@type\":\"WebPage\",\"@id\":\"https:\/\/www.miirohotels.com\/es\/le-grand-hotel-cayre-oferta-de-apertura\",\"url\":\"https:\/\/www.miirohotels.com\/es\/le-grand-hotel-cayre-oferta-de-apertura\",\"name\":\"Le Grand Hotel Cayre Oferta de apertura - Miiro\",\"isPartOf\":{\"@id\":\"https:\/\/www.miirohotels.com\/es#website\"},\"datePublished\":\"2024-05-24T15:24:54+00:00\",\"dateModified\":\"2024-11-26T10:25:44+00:00\",\"description\":\"Para celebrar la emocionante apertura de Le Grand H\u00f4tel Cayr\u00e9, el primer hotel Miiro del mundo, ofrecemos un 15% de descuento en las estancias de nuestros primeros hu\u00e9spedes.\",\"breadcrumb\":{\"@id\":\"https:\/\/www.miirohotels.com\/es\/le-grand-hotel-cayre-oferta-de-apertura#breadcrumb\"},\"inLanguage\":\"es-ES\",\"potentialAction\":[{\"@type\":\"ReadAction\",\"target\":[\"https:\/\/www.miirohotels.com\/es\/le-grand-hotel-cayre-oferta-de-apertura\"]}]},{\"@type\":\"BreadcrumbList\",\"@id\":\"https:\/\/www.miirohotels.com\/es\/le-grand-hotel-cayre-oferta-de-apertura#breadcrumb\",\"itemListElement\":[{\"@type\":\"ListItem\",\"position\":1,\"name\":\"Home\",\"item\":\"https:\/\/www.miirohotels.com\/es\"},{\"@type\":\"ListItem\",\"position\":2,\"name\":\"Le Grand Hotel Cayre Oferta de apertura\"}]},{\"@type\":\"WebSite\",\"@id\":\"https:\/\/www.miirohotels.com\/es#website\",\"url\":\"https:\/\/www.miirohotels.com\/es\",\"name\":\"Miiro\",\"description\":\"\",\"potentialAction\":[{\"@type\":\"SearchAction\",\"target\":{\"@type\":\"EntryPoint\",\"urlTemplate\":\"https:\/\/www.miirohotels.com\/es?s={search_term_string}\"},\"query-input\":\"required name=search_term_string\"}],\"inLanguage\":\"es-ES\"}]}<\/script>\n<!-- \/ Yoast SEO plugin. -->","yoast_head_json":{"title":"Le Grand Hotel Cayre Oferta de apertura - Miiro","description":"Para celebrar la emocionante apertura de Le Grand H\u00f4tel Cayr\u00e9, el primer hotel Miiro del mundo, ofrecemos un 15% de descuento en las estancias de nuestros primeros hu\u00e9spedes.","robots":{"index":"index","follow":"follow","max-snippet":"max-snippet:-1","max-image-preview":"max-image-preview:large","max-video-preview":"max-video-preview:-1"},"canonical":"https:\/\/www.miirohotels.com\/es\/le-grand-hotel-cayre-oferta-de-apertura","og_locale":"es_ES","og_type":"article","og_title":"Le Grand Hotel Cayre Oferta de apertura - Miiro","og_description":"Para celebrar la emocionante apertura de Le Grand H\u00f4tel Cayr\u00e9, el primer hotel Miiro del mundo, ofrecemos un 15% de descuento en las estancias de nuestros primeros hu\u00e9spedes.","og_url":"https:\/\/www.miirohotels.com\/es\/le-grand-hotel-cayre-oferta-de-apertura","og_site_name":"Miiro","article_modified_time":"2024-11-26T10:25:44+00:00","twitter_card":"summary_large_image","schema":{"@context":"https:\/\/schema.org","@graph":[{"@type":"WebPage","@id":"https:\/\/www.miirohotels.com\/es\/le-grand-hotel-cayre-oferta-de-apertura","url":"https:\/\/www.miirohotels.com\/es\/le-grand-hotel-cayre-oferta-de-apertura","name":"Le Grand Hotel Cayre Oferta de apertura - Miiro","isPartOf":{"@id":"https:\/\/www.miirohotels.com\/es#website"},"datePublished":"2024-05-24T15:24:54+00:00","dateModified":"2024-11-26T10:25:44+00:00","description":"Para celebrar la emocionante apertura de Le Grand H\u00f4tel Cayr\u00e9, el primer hotel Miiro del mundo, ofrecemos un 15% de descuento en las estancias de nuestros primeros hu\u00e9spedes.","breadcrumb":{"@id":"https:\/\/www.miirohotels.com\/es\/le-grand-hotel-cayre-oferta-de-apertura#breadcrumb"},"inLanguage":"es-ES","potentialAction":[{"@type":"ReadAction","target":["https:\/\/www.miirohotels.com\/es\/le-grand-hotel-cayre-oferta-de-apertura"]}]},{"@type":"BreadcrumbList","@id":"https:\/\/www.miirohotels.com\/es\/le-grand-hotel-cayre-oferta-de-apertura#breadcrumb","itemListElement":[{"@type":"ListItem","position":1,"name":"Home","item":"https:\/\/www.miirohotels.com\/es"},{"@type":"ListItem","position":2,"name":"Le Grand Hotel Cayre Oferta de apertura"}]},{"@type":"WebSite","@id":"https:\/\/www.miirohotels.com\/es#website","url":"https:\/\/www.miirohotels.com\/es","name":"Miiro","description":"","potentialAction":[{"@type":"SearchAction","target":{"@type":"EntryPoint","urlTemplate":"https:\/\/www.miirohotels.com\/es?s={search_term_string}"},"query-input":"required name=search_term_string"}],"inLanguage":"es-ES"}]}},"source_id":3441,"_links":{"self":[{"href":"https:\/\/www.miirohotels.com\/es\/wp-json\/wp\/v2\/pages\/3441","targetHints":{"allow":["GET"]}}],"collection":[{"href":"https:\/\/www.miirohotels.com\/es\/wp-json\/wp\/v2\/pages"}],"about":[{"href":"https:\/\/www.miirohotels.com\/es\/wp-json\/wp\/v2\/types\/page"}],"author":[{"embeddable":true,"href":"https:\/\/www.miirohotels.com\/es\/wp-json\/wp\/v2\/users\/1"}],"replies":[{"embeddable":true,"href":"https:\/\/www.miirohotels.com\/es\/wp-json\/wp\/v2\/comments?post=3441"}],"version-history":[{"count":2,"href":"https:\/\/www.miirohotels.com\/es\/wp-json\/wp\/v2\/pages\/3441\/revisions"}],"predecessor-version":[{"id":5037,"href":"https:\/\/www.miirohotels.com\/es\/wp-json\/wp\/v2\/pages\/3441\/revisions\/5037"}],"wp:attachment":[{"href":"https:\/\/www.miirohotels.com\/es\/wp-json\/wp\/v2\/media?parent=3441"}],"wp:term":[{"taxonomy":"post_tag","embeddable":true,"href":"https:\/\/www.miirohotels.com\/es\/wp-json\/wp\/v2\/tags?post=3441"}],"curies":[{"name":"wp","href":"https:\/\/api.w.org\/{rel}","templated":true}]}}